{"id":844,"date":"2025-02-10T13:11:14","date_gmt":"2025-02-10T13:11:14","guid":{"rendered":"https:\/\/exeq.eu\/?page_id=844"},"modified":"2026-03-17T14:55:11","modified_gmt":"2026-03-17T14:55:11","slug":"privacy-policy","status":"publish","type":"page","link":"https:\/\/exeq.eu\/pl\/polityka-prywatnosci\/","title":{"rendered":"Polityka prywatno\u015bci"},"content":{"rendered":"<h1 class=\"wp-block-heading has-medium-font-size\"><strong><em>Polityka prywatno\u015bci i plik\u00f3w cookie<\/em><\/strong><\/h1>\n\n\n\n<p>Data wej\u015bcia w \u017cycie 31 stycznia 2025 r.<\/p>\n\n\n\n<p>This Privacy Policy describes the policies of EXEQ sp. z o.o. (Limited Liability Partnership), Al. Jerozolimskie 89 lok. 43, Warsaw 02-001, Poland, email: contact@exeq.eu, on the collection, use and disclosure of your information that we collect when you use our website (https:\/\/exeq.eu) (the \u201cService\u201d).<\/p>\n\n\n\n<p>Uzyskuj\u0105c dost\u0119p do Us\u0142ugi lub korzystaj\u0105c z niej, u\u017cytkownik wyra\u017ca zgod\u0119 na gromadzenie, wykorzystywanie i ujawnianie swoich informacji zgodnie z niniejsz\u0105 Polityk\u0105 prywatno\u015bci. Je\u015bli u\u017cytkownik nie wyra\u017ca na to zgody, nie powinien uzyskiwa\u0107 dost\u0119pu do Us\u0142ugi ani z niej korzysta\u0107.<\/p>\n\n\n\n<p>Mo\u017cemy zmodyfikowa\u0107 niniejsz\u0105 Polityk\u0119 Prywatno\u015bci w dowolnym momencie bez uprzedniego powiadomienia u\u017cytkownika, a zmienion\u0105 Polityk\u0119 Prywatno\u015bci opublikujemy w Serwisie. Zmieniona Polityka b\u0119dzie obowi\u0105zywa\u0107 przez 180 dni od momentu opublikowania zmienionej Polityki w Serwisie, a dalszy dost\u0119p lub korzystanie z Serwisu po tym czasie b\u0119dzie oznacza\u0107 akceptacj\u0119 zmienionej Polityki Prywatno\u015bci. W zwi\u0105zku z tym zalecamy okresowe przegl\u0105danie tej strony.<\/p>\n\n\n\n<h1 class=\"wp-block-heading\"><strong>1.<\/strong>&nbsp; <strong>Gromadzone przez nas informacje:<\/strong><\/h1>\n\n\n\n<p>B\u0119dziemy gromadzi\u0107 i przetwarza\u0107 nast\u0119puj\u0105ce dane osobowe u\u017cytkownika:<\/p>\n\n\n\n<ul class=\"wp-block-list\">\n<li>Imi\u0119<\/li>\n\n\n\n<li>E-mail<\/li>\n\n\n\n<li>Mobilny<\/li>\n\n\n\n<li>Profil w mediach spo\u0142eczno\u015bciowych<\/li>\n\n\n\n<li>Nazwa firmy<\/li>\n\n\n\n<li>Wznowienie<\/li>\n<\/ul>\n\n\n\n<h1 class=\"wp-block-heading\"><strong>2.<\/strong>&nbsp; <strong>W jaki spos\u00f3b wykorzystujemy informacje o u\u017cytkowniku:<\/strong><\/h1>\n\n\n\n<p>B\u0119dziemy wykorzystywa\u0107 gromadzone przez nas informacje o u\u017cytkowniku do nast\u0119puj\u0105cych cel\u00f3w:<\/p>\n\n\n\n<ul class=\"wp-block-list\">\n<li>Marketing\/promocja<\/li>\n\n\n\n<li>Reklama ukierunkowana<\/li>\n<\/ul>\n\n\n\n<p>Je\u015bli b\u0119dziemy chcieli wykorzysta\u0107 informacje o u\u017cytkowniku w jakimkolwiek innym celu, poprosimy go o zgod\u0119 i b\u0119dziemy wykorzystywa\u0107 informacje o u\u017cytkowniku wy\u0142\u0105cznie po otrzymaniu jego zgody, a nast\u0119pnie wy\u0142\u0105cznie do cel\u00f3w, na kt\u00f3re udzielono zgody, chyba \u017ce prawo wymaga od nas innego post\u0119powania.<\/p>\n\n\n\n<h1 class=\"wp-block-heading\"><strong>3.<\/strong>&nbsp; <strong>W jaki spos\u00f3b udost\u0119pniamy informacje o u\u017cytkowniku:<\/strong><\/h1>\n\n\n\n<p>Nie b\u0119dziemy przekazywa\u0107 danych osobowych u\u017cytkownika stronom trzecim bez uzyskania jego zgody, z wyj\u0105tkiem ograniczonych okoliczno\u015bci opisanych poni\u017cej:<\/p>\n\n\n\n<ul class=\"wp-block-list\">\n<li>Us\u0142uga reklamowa<\/li>\n\n\n\n<li>Analityka<\/li>\n\n\n\n<li>Gromadzenie i przetwarzanie danych<\/li>\n<\/ul>\n\n\n\n<p>Wymagamy, aby takie osoby trzecie wykorzystywa\u0142y dane osobowe, kt\u00f3re im przekazujemy, wy\u0142\u0105cznie w celu, w jakim zosta\u0142y one przekazane, i nie przechowywa\u0142y ich d\u0142u\u017cej ni\u017c jest to wymagane do realizacji wspomnianego celu.<\/p>\n\n\n\n<p>Mo\u017cemy r\u00f3wnie\u017c ujawnia\u0107 dane osobowe u\u017cytkownika w nast\u0119puj\u0105cych celach:<\/p>\n\n\n\n<p>(1) przestrzegania obowi\u0105zuj\u0105cych przepis\u00f3w prawa, regulacji, nakaz\u00f3w s\u0105dowych lub innych procedur prawnych;<\/p>\n\n\n\n<p>(2) w celu egzekwowania zawartych z nami um\u00f3w, w tym niniejszej Polityki prywatno\u015bci;<\/p>\n\n\n\n<p>lub&nbsp;<\/p>\n\n\n\n<p>(3) odpowiadania na roszczenia, \u017ce korzystanie z Us\u0142ugi przez u\u017cytkownika narusza prawa os\u00f3b trzecich.<\/p>\n\n\n\n<p>Je\u015bli Us\u0142uga lub nasza firma zostanie po\u0142\u0105czona lub przej\u0119ta przez inn\u0105 firm\u0119, dane u\u017cytkownika b\u0119d\u0105 jednym z aktyw\u00f3w, kt\u00f3re zostan\u0105 przekazane nowemu w\u0142a\u015bcicielowi.<\/p>\n\n\n\n<h1 class=\"wp-block-heading\"><strong>4.<\/strong>&nbsp; <strong>Przechowywanie informacji o u\u017cytkowniku:<\/strong><\/h1>\n\n\n\n<p>B\u0119dziemy przechowywa\u0107 dane osobowe u\u017cytkownika przez 356 dni lub tak d\u0142ugo, jak b\u0119dziemy ich potrzebowa\u0107 do realizacji cel\u00f3w, dla kt\u00f3rych zosta\u0142y zebrane, zgodnie z niniejsz\u0105 Polityk\u0105 prywatno\u015bci. Mo\u017cemy by\u0107 zmuszeni do przechowywania niekt\u00f3rych informacji przez d\u0142u\u017cszy czas, np. w celu prowadzenia dokumentacji \/ raportowania zgodnie z obowi\u0105zuj\u0105cym prawem lub z innych uzasadnionych powod\u00f3w, takich jak egzekwowanie praw, zapobieganie oszustwom itp. Pozosta\u0142e anonimowe informacje i informacje zbiorcze, z kt\u00f3rych \u017cadna nie identyfikuje u\u017cytkownika (bezpo\u015brednio lub po\u015brednio), mog\u0105 by\u0107 przechowywane przez czas nieokre\u015blony.<\/p>\n\n\n\n<h1 class=\"wp-block-heading\"><strong>5.<\/strong>&nbsp; <strong>Prawa u\u017cytkownika:<\/strong><\/h1>\n\n\n\n<p>W zale\u017cno\u015bci od obowi\u0105zuj\u0105cego prawa, u\u017cytkownik mo\u017ce mie\u0107 prawo dost\u0119pu do swoich danych osobowych, ich sprostowania lub usuni\u0119cia albo otrzymania ich kopii, ograniczenia lub sprzeciwu wobec aktywnego przetwarzania swoich danych, zwr\u00f3cenia si\u0119 do nas o udost\u0119pnienie (przeniesienie) swoich danych osobowych innemu podmiotowi, wycofania zgody udzielonej nam na przetwarzanie swoich danych, prawo do z\u0142o\u017cenia skargi do organu ustawowego oraz inne prawa, kt\u00f3re mog\u0105 by\u0107 istotne na mocy obowi\u0105zuj\u0105cych przepis\u00f3w. Aby skorzysta\u0107 z tych praw, mo\u017cna napisa\u0107 do nas na adres contact@exeq.eu. Odpowiemy na Twoj\u0105 pro\u015bb\u0119 zgodnie z obowi\u0105zuj\u0105cym prawem.<\/p>\n\n\n\n<p>Nale\u017cy pami\u0119ta\u0107, \u017ce je\u015bli u\u017cytkownik nie zezwoli nam na gromadzenie lub przetwarzanie wymaganych danych osobowych lub wycofa zgod\u0119 na ich przetwarzanie w wymaganych celach, mo\u017ce nie by\u0107 w stanie uzyska\u0107 dost\u0119pu lub korzysta\u0107 z us\u0142ug, o kt\u00f3re si\u0119 ubiega\u0142.<\/p>\n\n\n\n<h1 class=\"wp-block-heading\"><strong>6.<\/strong>&nbsp; <strong>Cookies Etc.<\/strong><\/h1>\n\n\n\n<p><strong>6.<\/strong> <strong>1. Czym s\u0105 pliki cookie?<\/strong><\/p>\n\n\n\n<p>Niniejsza Polityka wyja\u015bnia, czym s\u0105 pliki cookie i w jaki spos\u00f3b ich u\u017cywamy, rodzaje plik\u00f3w cookie, kt\u00f3rych u\u017cywamy, tj. informacje, kt\u00f3re zbieramy za pomoc\u0105 plik\u00f3w cookie i w jaki spos\u00f3b te informacje s\u0105 wykorzystywane, oraz jak zarz\u0105dza\u0107 ustawieniami plik\u00f3w cookie.<\/p>\n\n\n\n<p>Pliki cookie to ma\u0142e pliki tekstowe, kt\u00f3re s\u0142u\u017c\u0105 do przechowywania niewielkich fragment\u00f3w informacji. S\u0105 one przechowywane na urz\u0105dzeniu u\u017cytkownika po za\u0142adowaniu strony internetowej w przegl\u0105darce. Te pliki cookie pomagaj\u0105 nam w prawid\u0142owym funkcjonowaniu strony internetowej, zwi\u0119kszeniu jej bezpiecze\u0144stwa, zapewnieniu lepszych wra\u017ce\u0144 u\u017cytkownika i zrozumieniu, jak dzia\u0142a strona internetowa oraz w analizie tego, co dzia\u0142a i gdzie wymaga poprawy.<\/p>\n\n\n\n<h1 class=\"wp-block-heading\"><strong>6.2.<\/strong>&nbsp; <strong>Jak u\u017cywamy plik\u00f3w cookie?<\/strong><\/h1>\n\n\n\n<p>Podobnie jak wi\u0119kszo\u015b\u0107 us\u0142ug online, nasza strona internetowa wykorzystuje w\u0142asne i zewn\u0119trzne pliki cookie do kilku cel\u00f3w. W\u0142asne pliki cookie s\u0105 g\u0142\u00f3wnie niezb\u0119dne do prawid\u0142owego funkcjonowania witryny i nie gromadz\u0105 \u017cadnych danych osobowych u\u017cytkownika.<\/p>\n\n\n\n<p>Pliki cookie stron trzecich u\u017cywane w naszej witrynie internetowej s\u0142u\u017c\u0105 g\u0142\u00f3wnie do zrozumienia, w jaki spos\u00f3b witryna dzia\u0142a, w jaki spos\u00f3b u\u017cytkownik wchodzi w interakcj\u0119 z nasz\u0105 witryn\u0105, zapewnienia bezpiecze\u0144stwa naszych us\u0142ug, dostarczania reklam, kt\u00f3re s\u0105 odpowiednie dla u\u017cytkownika, a przede wszystkim zapewniaj\u0105 lepsze i ulepszone wra\u017cenia u\u017cytkownika oraz pomagaj\u0105 przyspieszy\u0107 przysz\u0142e interakcje z nasz\u0105 witryn\u0105.<\/p>\n\n\n\n<h1 class=\"wp-block-heading\"><strong>6.3.<\/strong>&nbsp; <strong>Zarz\u0105dzanie preferencjami plik\u00f3w cookie Ustawienia plik\u00f3w cookie<\/strong><\/h1>\n\n\n\n<p>Preferencje dotycz\u0105ce plik\u00f3w cookie mo\u017cna zmieni\u0107 w dowolnym momencie, klikaj\u0105c powy\u017cszy przycisk. Umo\u017cliwi to ponowne wy\u015bwietlenie banera zgody na pliki cookie i zmian\u0119 preferencji lub natychmiastowe wycofanie zgody.<\/p>\n\n\n\n<p>Ponadto r\u00f3\u017cne przegl\u0105darki oferuj\u0105 r\u00f3\u017cne metody blokowania i usuwania plik\u00f3w cookie u\u017cywanych przez strony internetowe. Mo\u017cesz zmieni\u0107 ustawienia swojej przegl\u0105darki, aby zablokowa\u0107\/usun\u0105\u0107 pliki cookie.<\/p>\n\n\n\n<p>Poni\u017cej znajduj\u0105 si\u0119 linki do dokument\u00f3w pomocy technicznej dotycz\u0105cych zarz\u0105dzania i usuwania plik\u00f3w cookie z g\u0142\u00f3wnych przegl\u0105darek internetowych.<\/p>\n\n\n\n<p>Chrome:<a href=\"https:\/\/support.google.com\/accounts\/answer\/32050\">&nbsp;<\/a><\/p>\n\n\n\n<figure class=\"wp-block-embed\"><div class=\"wp-block-embed__wrapper\">\nhttps:\/\/support.google.com\/accounts\/answer\/32050\n<\/div><\/figure>\n\n\n\n<p>Safari:<a href=\"https:\/\/support.apple.com\/en-in\/guide\/safari\/sfri11471\/mac\">&nbsp;<\/a><\/p>\n\n\n\n<figure class=\"wp-block-embed\"><div class=\"wp-block-embed__wrapper\">\nhttps:\/\/support.apple.com\/en-in\/guide\/safari\/sfri11471\/mac\n<\/div><\/figure>\n\n\n\n<p>Firefox: <a href=\"https:\/\/support.mozilla.org\/en-US\/kb\/clear-cookies-and-site-data-firefox?redirectslug=delete-cookies-remove-info-websites-stored&amp;redirectlocale=en-US\">https:\/\/support.mozilla.org\/en-US\/kb\/clear-cookies-and-site-data-firefox?redirectslug= delete-cookies-remove-info-websites-stored&amp;redirectlocale=pl-US<\/a><\/p>\n\n\n\n<p>Internet Explorer:<\/p>\n\n\n\n<p><a href=\"https:\/\/support.microsoft.com\/en-us\/topic\/how-to-delete-cookie-files-in-internet-explorer-bca9446f-d873-78de-77ba-d42645fa52fc\">https:\/\/support.microsoft.com\/en-us\/topic\/how-to-delete-cookie-files-in-internet-explor er-bca9446f-d873-78de-77ba-d42645fa52fc<\/a><\/p>\n\n\n\n<p>Je\u015bli korzystasz z innej przegl\u0105darki internetowej, zapoznaj si\u0119 z jej oficjalnymi dokumentami pomocy technicznej.<\/p>\n\n\n\n<h1 class=\"wp-block-heading\"><strong>7.<\/strong>&nbsp; <strong>Bezpiecze\u0144stwo:<\/strong><\/h1>\n\n\n\n<p>Bezpiecze\u0144stwo informacji u\u017cytkownika jest dla nas wa\u017cne i b\u0119dziemy stosowa\u0107 uzasadnione \u015brodki bezpiecze\u0144stwa, aby zapobiec utracie, niew\u0142a\u015bciwemu wykorzystaniu lub nieuprawnionej zmianie informacji u\u017cytkownika znajduj\u0105cych si\u0119 pod nasz\u0105 kontrol\u0105. Bior\u0105c jednak pod uwag\u0119 nieod\u0142\u0105czne ryzyko, nie mo\u017cemy zagwarantowa\u0107 ca\u0142kowitego bezpiecze\u0144stwa, a w konsekwencji nie mo\u017cemy zapewni\u0107 ani zagwarantowa\u0107 bezpiecze\u0144stwa jakichkolwiek informacji, kt\u00f3re nam przekazujesz, i robisz to na w\u0142asne ryzyko.<\/p>\n\n\n\n<h1 class=\"wp-block-heading\"><strong>8.<\/strong>&nbsp; <strong>Linki stron trzecich i wykorzystanie informacji u\u017cytkownika:<\/strong><\/h1>\n\n\n\n<p>Nasza Us\u0142uga mo\u017ce zawiera\u0107 \u0142\u0105cza do innych stron internetowych, kt\u00f3re nie s\u0105 przez nas obs\u0142ugiwane. Niniejsza Polityka prywatno\u015bci nie odnosi si\u0119 do polityki prywatno\u015bci i innych praktyk stron trzecich, w tym stron trzecich prowadz\u0105cych jak\u0105kolwiek stron\u0119 internetow\u0105 lub us\u0142ug\u0119, kt\u00f3ra mo\u017ce by\u0107 dost\u0119pna za po\u015brednictwem \u0142\u0105cza w Serwisie. Zdecydowanie zalecamy zapoznanie si\u0119 z polityk\u0105 prywatno\u015bci ka\u017cdej odwiedzanej witryny. Nie mamy kontroli i nie ponosimy odpowiedzialno\u015bci za tre\u015bci, polityk\u0119 prywatno\u015bci lub praktyki stron lub us\u0142ug stron trzecich.<\/p>\n\n\n\n<h1 class=\"wp-block-heading\"><strong>9.<\/strong>&nbsp; <strong>Inspektor ds. skarg \/ ochrony danych:<\/strong><\/h1>\n\n\n\n<p>Je\u015bli masz jakiekolwiek pytania lub w\u0105tpliwo\u015bci dotycz\u0105ce przetwarzania Twoich danych, kt\u00f3re s\u0105 u nas dost\u0119pne, mo\u017cesz wys\u0142a\u0107 wiadomo\u015b\u0107 e-mail do naszego inspektora ds. skarg na Exeq sp. z o.o., ul. Siewierska 16A\/14, e-mail: contact@exeq.eu. Zajmiemy si\u0119 Twoimi w\u0105tpliwo\u015bciami zgodnie z obowi\u0105zuj\u0105cym prawem.<\/p>","protected":false},"excerpt":{"rendered":"<p>Privacy Policy &amp; Cookies Policy Effective Date 31-Jan-2025 This Privacy Policy describes the policies of EXEQ sp. z o.o. (Limited Liability Partnership), Al. Jerozolimskie 89 lok. 43, Warsaw 02-001, Poland, email: contact@exeq.eu, on the collection, use and disclosure of your information that we collect when you use our website (https:\/\/exeq.eu) (the \u201cService\u201d). By accessing or [&hellip;]<\/p>","protected":false},"author":1,"featured_media":0,"parent":0,"menu_order":5,"comment_status":"closed","ping_status":"closed","template":"","meta":{"_acf_changed":false,"footnotes":""},"class_list":["post-844","page","type-page","status-publish","hentry"],"acf":[],"_links":{"self":[{"href":"https:\/\/exeq.eu\/pl\/wp-json\/wp\/v2\/pages\/844","targetHints":{"allow":["GET"]}}],"collection":[{"href":"https:\/\/exeq.eu\/pl\/wp-json\/wp\/v2\/pages"}],"about":[{"href":"https:\/\/exeq.eu\/pl\/wp-json\/wp\/v2\/types\/page"}],"author":[{"embeddable":true,"href":"https:\/\/exeq.eu\/pl\/wp-json\/wp\/v2\/users\/1"}],"replies":[{"embeddable":true,"href":"https:\/\/exeq.eu\/pl\/wp-json\/wp\/v2\/comments?post=844"}],"version-history":[{"count":5,"href":"https:\/\/exeq.eu\/pl\/wp-json\/wp\/v2\/pages\/844\/revisions"}],"predecessor-version":[{"id":1342,"href":"https:\/\/exeq.eu\/pl\/wp-json\/wp\/v2\/pages\/844\/revisions\/1342"}],"wp:attachment":[{"href":"https:\/\/exeq.eu\/pl\/wp-json\/wp\/v2\/media?parent=844"}],"curies":[{"name":"wp","href":"https:\/\/api.w.org\/{rel}","templated":true}]}}